{"id":4830,"date":"2023-10-22T14:59:31","date_gmt":"2023-10-22T14:59:31","guid":{"rendered":"https:\/\/cloud-relax.com\/?page_id=4830"},"modified":"2026-01-18T16:50:48","modified_gmt":"2026-01-18T16:50:48","slug":"about-us","status":"publish","type":"page","link":"https:\/\/cloud-relax.com\/ro\/about-us\/","title":{"rendered":"Despre noi"},"content":{"rendered":"<div data-elementor-type=\"wp-page\" data-elementor-id=\"4830\" class=\"elementor elementor-4830\">\n\t\t\t\t<div class=\"elementor-element elementor-element-2214364 e-flex e-con-boxed elementor-invisible e-con e-parent\" data-id=\"2214364\" data-element_type=\"container\" data-settings=\"{&quot;background_background&quot;:&quot;classic&quot;,&quot;animation&quot;:&quot;fadeIn&quot;}\">\n\t\t\t\t\t<div class=\"e-con-inner\">\n\t\t<div class=\"elementor-element elementor-element-9848f61 e-con-full e-flex e-con e-child\" data-id=\"9848f61\" data-element_type=\"container\">\n\t\t\t\t<div class=\"elementor-element elementor-element-401f702 elementor-widget elementor-widget-heading\" data-id=\"401f702\" data-element_type=\"widget\" data-widget_type=\"heading.default\">\n\t\t\t\t<div class=\"elementor-widget-container\">\n\t\t\t<style>\/*! elementor - v3.21.0 - 26-05-2024 *\/\n.elementor-heading-title{padding:0;margin:0;line-height:1}.elementor-widget-heading .elementor-heading-title[class*=elementor-size-]>a{color:inherit;font-size:inherit;line-height:inherit}.elementor-widget-heading .elementor-heading-title.elementor-size-small{font-size:15px}.elementor-widget-heading .elementor-heading-title.elementor-size-medium{font-size:19px}.elementor-widget-heading .elementor-heading-title.elementor-size-large{font-size:29px}.elementor-widget-heading .elementor-heading-title.elementor-size-xl{font-size:39px}.elementor-widget-heading .elementor-heading-title.elementor-size-xxl{font-size:59px}<\/style><h1 class=\"elementor-heading-title elementor-size-default\">Despre noi<\/h1>\t\t<\/div>\n\t\t\t\t<\/div>\n\t\t\t\t<\/div>\n\t\t\t\t\t<\/div>\n\t\t\t\t<\/div>\n\t\t<div class=\"elementor-element elementor-element-c06ad92 elementor-hidden-desktop elementor-hidden-tablet elementor-hidden-mobile e-flex e-con-boxed e-con e-parent\" data-id=\"c06ad92\" data-element_type=\"container\">\n\t\t\t\t\t<div class=\"e-con-inner\">\n\t\t<div class=\"elementor-element elementor-element-644c5e2 e-con-full e-flex e-con e-child\" data-id=\"644c5e2\" data-element_type=\"container\">\n\t\t\t\t<div class=\"elementor-element elementor-element-3421c1d elementor-widget elementor-widget-image\" data-id=\"3421c1d\" data-element_type=\"widget\" data-widget_type=\"image.default\">\n\t\t\t\t<div class=\"elementor-widget-container\">\n\t\t\t<style>\/*! elementor - v3.21.0 - 26-05-2024 *\/\n.elementor-widget-image{text-align:center}.elementor-widget-image a{display:inline-block}.elementor-widget-image a img[src$=\".svg\"]{width:48px}.elementor-widget-image img{vertical-align:middle;display:inline-block}<\/style>\t\t\t\t\t\t\t\t\t\t<img decoding=\"async\" src=\"https:\/\/cloud-relax.com\/wp-content\/uploads\/elementor\/thumbs\/Augsburg-qs5qpiu0idus01e0fbxuqi61uyi9ta1bdmbvskjrv4.jpg\" title=\"Augsburg\" alt=\"Augsburg\" loading=\"lazy\" \/>\t\t\t\t\t\t\t\t\t\t\t\t\t<\/div>\n\t\t\t\t<\/div>\n\t\t\t\t<\/div>\n\t\t<div class=\"elementor-element elementor-element-8b8001c e-con-full e-flex e-con e-child\" data-id=\"8b8001c\" data-element_type=\"container\">\n\t\t\t\t<div class=\"elementor-element elementor-element-2c09dad elementor-widget elementor-widget-image\" data-id=\"2c09dad\" data-element_type=\"widget\" data-widget_type=\"image.default\">\n\t\t\t\t<div class=\"elementor-widget-container\">\n\t\t\t\t\t\t\t\t\t\t\t\t\t<img fetchpriority=\"high\" decoding=\"async\" width=\"2400\" height=\"1601\" src=\"https:\/\/cloud-relax.com\/wp-content\/uploads\/2023\/11\/Munich.jpg\" class=\"attachment-full size-full wp-image-5665\" alt=\"\" srcset=\"https:\/\/cloud-relax.com\/wp-content\/uploads\/2023\/11\/Munich.jpg 2400w, https:\/\/cloud-relax.com\/wp-content\/uploads\/2023\/11\/Munich-300x200.jpg 300w, https:\/\/cloud-relax.com\/wp-content\/uploads\/2023\/11\/Munich-1024x683.jpg 1024w, https:\/\/cloud-relax.com\/wp-content\/uploads\/2023\/11\/Munich-768x512.jpg 768w, https:\/\/cloud-relax.com\/wp-content\/uploads\/2023\/11\/Munich-1536x1025.jpg 1536w, https:\/\/cloud-relax.com\/wp-content\/uploads\/2023\/11\/Munich-2048x1366.jpg 2048w, https:\/\/cloud-relax.com\/wp-content\/uploads\/2023\/11\/Munich-18x12.jpg 18w, https:\/\/cloud-relax.com\/wp-content\/uploads\/2023\/11\/Munich-450x300.jpg 450w, https:\/\/cloud-relax.com\/wp-content\/uploads\/2023\/11\/Munich-1140x760.jpg 1140w, https:\/\/cloud-relax.com\/wp-content\/uploads\/2023\/11\/Munich-120x80.jpg 120w, https:\/\/cloud-relax.com\/wp-content\/uploads\/2023\/11\/Munich-750x500.jpg 750w\" sizes=\"(max-width: 2400px) 100vw, 2400px\" \/>\t\t\t\t\t\t\t\t\t\t\t\t\t<\/div>\n\t\t\t\t<\/div>\n\t\t\t\t<\/div>\n\t\t\t\t\t<\/div>\n\t\t\t\t<\/div>\n\t\t\t\t<section class=\"elementor-section elementor-top-section elementor-element elementor-element-35a0288 elementor-section-stretched elementor-section-boxed elementor-section-height-default elementor-section-height-default elementor-invisible\" data-id=\"35a0288\" data-element_type=\"section\" data-settings=\"{&quot;stretch_section&quot;:&quot;section-stretched&quot;,&quot;background_background&quot;:&quot;classic&quot;,&quot;animation&quot;:&quot;fadeIn&quot;}\">\n\t\t\t\t\t\t<div class=\"elementor-container elementor-column-gap-default\">\n\t\t\t\t\t<div class=\"elementor-column elementor-col-100 elementor-top-column elementor-element elementor-element-e50664c\" data-id=\"e50664c\" data-element_type=\"column\">\n\t\t\t<div class=\"elementor-widget-wrap elementor-element-populated\">\n\t\t\t\t\t\t<div class=\"elementor-element elementor-element-0a9a988 elementor-widget elementor-widget-text-editor\" data-id=\"0a9a988\" data-element_type=\"widget\" data-widget_type=\"text-editor.default\">\n\t\t\t\t<div class=\"elementor-widget-container\">\n\t\t\t<style>\/*! elementor - v3.21.0 - 26-05-2024 *\/\n.elementor-widget-text-editor.elementor-drop-cap-view-stacked .elementor-drop-cap{background-color:#69727d;color:#fff}.elementor-widget-text-editor.elementor-drop-cap-view-framed .elementor-drop-cap{color:#69727d;border:3px solid;background-color:transparent}.elementor-widget-text-editor:not(.elementor-drop-cap-view-default) .elementor-drop-cap{margin-top:8px}.elementor-widget-text-editor:not(.elementor-drop-cap-view-default) .elementor-drop-cap-letter{width:1em;height:1em}.elementor-widget-text-editor .elementor-drop-cap{float:left;text-align:center;line-height:1;font-size:50px}.elementor-widget-text-editor .elementor-drop-cap-letter{display:inline-block}<\/style>\t\t\t\t<strong>Cloud-Relax ofer\u0103 cele mai bune apartamente cu servicii de calitate!<\/strong>\t\t\t\t\t\t<\/div>\n\t\t\t\t<\/div>\n\t\t\t\t<div class=\"elementor-element elementor-element-2d38a5f elementor-icon-list--layout-traditional elementor-list-item-link-full_width elementor-widget elementor-widget-icon-list\" data-id=\"2d38a5f\" data-element_type=\"widget\" data-widget_type=\"icon-list.default\">\n\t\t\t\t<div class=\"elementor-widget-container\">\n\t\t\t<link rel=\"stylesheet\" href=\"https:\/\/cloud-relax.com\/wp-content\/plugins\/elementor\/assets\/css\/widget-icon-list.min.css\">\t\t<ul class=\"elementor-icon-list-items\">\n\t\t\t\t\t\t\t<li class=\"elementor-icon-list-item\">\n\t\t\t\t\t\t\t\t\t\t\t<span class=\"elementor-icon-list-icon\">\n\t\t\t\t\t\t\t<i aria-hidden=\"true\" class=\"fas fa-dot-circle\"><\/i>\t\t\t\t\t\t<\/span>\n\t\t\t\t\t\t\t\t\t\t<span class=\"elementor-icon-list-text\">Loca\u021biile noastre sunt complet mobilate \u0219i echipate cu ustensile de zi cu zi \u0219i pot fi rezervate de c\u0103tre oaspe\u021bii no\u0219tri pentru diferite perioade de timp.<\/span>\n\t\t\t\t\t\t\t\t\t<\/li>\n\t\t\t\t\t\t\t\t<li class=\"elementor-icon-list-item\">\n\t\t\t\t\t\t\t\t\t\t\t<span class=\"elementor-icon-list-icon\">\n\t\t\t\t\t\t\t<i aria-hidden=\"true\" class=\"fas fa-dot-circle\"><\/i>\t\t\t\t\t\t<\/span>\n\t\t\t\t\t\t\t\t\t\t<span class=\"elementor-icon-list-text\">Oaspe\u021bii no\u0219tri sunt c\u0103l\u0103tori de afaceri, oaspe\u021bi priva\u021bi \u0219i turi\u0219ti.<\/span>\n\t\t\t\t\t\t\t\t\t<\/li>\n\t\t\t\t\t\t\t\t<li class=\"elementor-icon-list-item\">\n\t\t\t\t\t\t\t\t\t\t\t<span class=\"elementor-icon-list-icon\">\n\t\t\t\t\t\t\t<i aria-hidden=\"true\" class=\"fas fa-dot-circle\"><\/i>\t\t\t\t\t\t<\/span>\n\t\t\t\t\t\t\t\t\t\t<span class=\"elementor-icon-list-text\">Pentru familiile cu copii sau grupuri mai mari de prieteni, oferim apartamente cu p\u00e2n\u0103 la 4 dormitoare, o alternativ\u0103 excelent\u0103 la hoteluri.<\/span>\n\t\t\t\t\t\t\t\t\t<\/li>\n\t\t\t\t\t\t\t\t<li class=\"elementor-icon-list-item\">\n\t\t\t\t\t\t\t\t\t\t\t<span class=\"elementor-icon-list-icon\">\n\t\t\t\t\t\t\t<i aria-hidden=\"true\" class=\"fas fa-dot-circle\"><\/i>\t\t\t\t\t\t<\/span>\n\t\t\t\t\t\t\t\t\t\t<span class=\"elementor-icon-list-text\">\u00cen compara\u021bie cu hotelurile standard, apartamentele noastre au mai mult spa\u021biu, utilit\u0103\u021bi mai bune (buc\u0103t\u0103rie, ma\u0219in\u0103 de sp\u0103lat, etc.) \u0219i sunt mult mai accesibile, economisind bani oaspe\u021bilor no\u0219tri.<\/span>\n\t\t\t\t\t\t\t\t\t<\/li>\n\t\t\t\t\t\t<\/ul>\n\t\t\t\t<\/div>\n\t\t\t\t<\/div>\n\t\t\t\t<div class=\"elementor-element elementor-element-df6ffb6 elementor-widget elementor-widget-text-editor\" data-id=\"df6ffb6\" data-element_type=\"widget\" data-widget_type=\"text-editor.default\">\n\t\t\t\t<div class=\"elementor-widget-container\">\n\t\t\t\t\t\t\t<strong>Cloud-Relax \u00ee\u0219i extinde afacerea \u00een Germania<\/strong>\t\t\t\t\t\t<\/div>\n\t\t\t\t<\/div>\n\t\t\t\t<div class=\"elementor-element elementor-element-b4c1052 elementor-icon-list--layout-traditional elementor-list-item-link-full_width elementor-widget elementor-widget-icon-list\" data-id=\"b4c1052\" data-element_type=\"widget\" data-widget_type=\"icon-list.default\">\n\t\t\t\t<div class=\"elementor-widget-container\">\n\t\t\t\t\t<ul class=\"elementor-icon-list-items\">\n\t\t\t\t\t\t\t<li class=\"elementor-icon-list-item\">\n\t\t\t\t\t\t\t\t\t\t\t<span class=\"elementor-icon-list-icon\">\n\t\t\t\t\t\t\t<i aria-hidden=\"true\" class=\"fas fa-dot-circle\"><\/i>\t\t\t\t\t\t<\/span>\n\t\t\t\t\t\t\t\t\t\t<span class=\"elementor-icon-list-text\">Anul 2013 ne-am \u00eenceput c\u0103l\u0103toria ca co-investitori \u00een prima noastr\u0103 pensiune din Sibiu\/Rom\u00e2nia, \u201ePensiunea Transilvania\u201d.<\/span>\n\t\t\t\t\t\t\t\t\t<\/li>\n\t\t\t\t\t\t\t\t<li class=\"elementor-icon-list-item\">\n\t\t\t\t\t\t\t\t\t\t\t<span class=\"elementor-icon-list-icon\">\n\t\t\t\t\t\t\t<i aria-hidden=\"true\" class=\"fas fa-dot-circle\"><\/i>\t\t\t\t\t\t<\/span>\n\t\t\t\t\t\t\t\t\t\t<span class=\"elementor-icon-list-text\">Anul 2020 am participat la urm\u0103torul concept ca co-investitori, hotelul de tip boutique din Timi\u0219oara \/ Rom\u00e2nia numit \u201ecomleX living\u201d.<\/span>\n\t\t\t\t\t\t\t\t\t<\/li>\n\t\t\t\t\t\t\t\t<li class=\"elementor-icon-list-item\">\n\t\t\t\t\t\t\t\t\t\t\t<span class=\"elementor-icon-list-icon\">\n\t\t\t\t\t\t\t<i aria-hidden=\"true\" class=\"fas fa-dot-circle\"><\/i>\t\t\t\t\t\t<\/span>\n\t\t\t\t\t\t\t\t\t\t<span class=\"elementor-icon-list-text\">Anul 2023, dup\u0103 ce ne-am al\u0103turat preg\u0103tirii intensive a BnB Pro Hosting, am \u00eenceput conceptul de apartamente cu servicii respectiv apartamente de vana\u021b\u0103 \u00een Augsburg, sub numele de brand \u201eCloud-Relax\u201d.<\/span>\n\t\t\t\t\t\t\t\t\t<\/li>\n\t\t\t\t\t\t<\/ul>\n\t\t\t\t<\/div>\n\t\t\t\t<\/div>\n\t\t\t\t\t<\/div>\n\t\t<\/div>\n\t\t\t\t\t<\/div>\n\t\t<\/section>\n\t\t<div class=\"elementor-element elementor-element-665af03 e-con-full e-flex e-con e-parent\" data-id=\"665af03\" data-element_type=\"container\">\n\t\t<div class=\"elementor-element elementor-element-823a0ac e-con-full e-flex e-con e-child\" data-id=\"823a0ac\" data-element_type=\"container\">\n\t\t\t\t<div class=\"elementor-element elementor-element-8cef175 elementor-widget elementor-widget-image\" data-id=\"8cef175\" data-element_type=\"widget\" data-widget_type=\"image.default\">\n\t\t\t\t<div class=\"elementor-widget-container\">\n\t\t\t\t\t\t\t\t\t\t\t\t\t<img decoding=\"async\" width=\"450\" height=\"300\" src=\"https:\/\/cloud-relax.com\/wp-content\/uploads\/2023\/11\/About-us-450x300.jpg\" class=\"attachment-homey-listing-thumb size-homey-listing-thumb wp-image-5652\" alt=\"\" srcset=\"https:\/\/cloud-relax.com\/wp-content\/uploads\/2023\/11\/About-us-450x300.jpg 450w, https:\/\/cloud-relax.com\/wp-content\/uploads\/2023\/11\/About-us-1140x760.jpg 1140w, https:\/\/cloud-relax.com\/wp-content\/uploads\/2023\/11\/About-us-120x80.jpg 120w\" sizes=\"(max-width: 450px) 100vw, 450px\" \/>\t\t\t\t\t\t\t\t\t\t\t\t\t<\/div>\n\t\t\t\t<\/div>\n\t\t\t\t<div class=\"elementor-element elementor-element-ff8c4f2 elementor-widget elementor-widget-text-editor\" data-id=\"ff8c4f2\" data-element_type=\"widget\" data-widget_type=\"text-editor.default\">\n\t\t\t\t<div class=\"elementor-widget-container\">\n\t\t\t\t\t\t\t<p><span style=\"color: #d12834; font-weight: bold;\">Simona<\/span>, <span style=\"color: #d12834; font-weight: bold;\">Hendrik Kuhlmann<\/span>, CEO la BNB Pro Hosting, <span style=\"color: #d12834; font-weight: bold;\">Tiberius<\/span><\/p>\t\t\t\t\t\t<\/div>\n\t\t\t\t<\/div>\n\t\t\t\t<\/div>\n\t\t\t\t<\/div>\n\t\t\t\t<\/div>","protected":false},"excerpt":{"rendered":"<p>About Us Cloud-Relax is providing best-in-class serviced apartments! Our stays are fully furnished and equipped with everyday utensils and can be booked by our guests for different periods of time. Our guests are business travelers, private guests and hotel-level tourists. For families with children or larger groups of friends, we offer up to 4 bedrooms [&hellip;]<\/p>","protected":false},"author":1,"featured_media":0,"parent":0,"menu_order":0,"comment_status":"closed","ping_status":"closed","template":"elementor_header_footer","meta":{"footnotes":""},"class_list":["post-4830","page","type-page","status-publish","hentry"],"_links":{"self":[{"href":"https:\/\/cloud-relax.com\/ro\/wp-json\/wp\/v2\/pages\/4830","targetHints":{"allow":["GET"]}}],"collection":[{"href":"https:\/\/cloud-relax.com\/ro\/wp-json\/wp\/v2\/pages"}],"about":[{"href":"https:\/\/cloud-relax.com\/ro\/wp-json\/wp\/v2\/types\/page"}],"author":[{"embeddable":true,"href":"https:\/\/cloud-relax.com\/ro\/wp-json\/wp\/v2\/users\/1"}],"replies":[{"embeddable":true,"href":"https:\/\/cloud-relax.com\/ro\/wp-json\/wp\/v2\/comments?post=4830"}],"version-history":[{"count":81,"href":"https:\/\/cloud-relax.com\/ro\/wp-json\/wp\/v2\/pages\/4830\/revisions"}],"predecessor-version":[{"id":5847,"href":"https:\/\/cloud-relax.com\/ro\/wp-json\/wp\/v2\/pages\/4830\/revisions\/5847"}],"wp:attachment":[{"href":"https:\/\/cloud-relax.com\/ro\/wp-json\/wp\/v2\/media?parent=4830"}],"curies":[{"name":"wp","href":"https:\/\/api.w.org\/{rel}","templated":true}]}}