{"id":5210,"date":"2023-10-31T14:12:43","date_gmt":"2023-10-31T14:12:43","guid":{"rendered":"https:\/\/cloud-relax.com\/?page_id=5210"},"modified":"2026-01-18T16:56:11","modified_gmt":"2026-01-18T16:56:11","slug":"imprint","status":"publish","type":"page","link":"https:\/\/cloud-relax.com\/ro\/imprint\/","title":{"rendered":"imprint"},"content":{"rendered":"<div data-elementor-type=\"wp-page\" data-elementor-id=\"5210\" class=\"elementor elementor-5210\">\n\t\t\t\t\t\t<section class=\"elementor-section elementor-top-section elementor-element elementor-element-fec0329 elementor-section-stretched elementor-section-boxed elementor-section-height-default elementor-section-height-default elementor-invisible\" data-id=\"fec0329\" data-element_type=\"section\" data-settings=\"{&quot;stretch_section&quot;:&quot;section-stretched&quot;,&quot;background_background&quot;:&quot;classic&quot;,&quot;animation&quot;:&quot;fadeIn&quot;}\">\n\t\t\t\t\t\t\t<div class=\"elementor-background-overlay\"><\/div>\n\t\t\t\t\t\t\t<div class=\"elementor-container elementor-column-gap-default\">\n\t\t\t\t\t<div class=\"elementor-column elementor-col-100 elementor-top-column elementor-element elementor-element-0dbcb63\" data-id=\"0dbcb63\" data-element_type=\"column\">\n\t\t\t<div class=\"elementor-widget-wrap elementor-element-populated\">\n\t\t\t\t\t\t<div class=\"elementor-element elementor-element-da1e605 elementor-widget elementor-widget-heading\" data-id=\"da1e605\" data-element_type=\"widget\" data-widget_type=\"heading.default\">\n\t\t\t\t<div class=\"elementor-widget-container\">\n\t\t\t<style>\/*! elementor - v3.21.0 - 26-05-2024 *\/\n.elementor-heading-title{padding:0;margin:0;line-height:1}.elementor-widget-heading .elementor-heading-title[class*=elementor-size-]>a{color:inherit;font-size:inherit;line-height:inherit}.elementor-widget-heading .elementor-heading-title.elementor-size-small{font-size:15px}.elementor-widget-heading .elementor-heading-title.elementor-size-medium{font-size:19px}.elementor-widget-heading .elementor-heading-title.elementor-size-large{font-size:29px}.elementor-widget-heading .elementor-heading-title.elementor-size-xl{font-size:39px}.elementor-widget-heading .elementor-heading-title.elementor-size-xxl{font-size:59px}<\/style><h2 class=\"elementor-heading-title elementor-size-default\">Publicare<\/h2>\t\t<\/div>\n\t\t\t\t<\/div>\n\t\t\t\t\t<\/div>\n\t\t<\/div>\n\t\t\t\t\t<\/div>\n\t\t<\/section>\n\t\t\t\t<section class=\"elementor-section elementor-top-section elementor-element elementor-element-a062905 elementor-section-stretched elementor-section-boxed elementor-section-height-default elementor-section-height-default elementor-invisible\" data-id=\"a062905\" data-element_type=\"section\" data-settings=\"{&quot;stretch_section&quot;:&quot;section-stretched&quot;,&quot;background_background&quot;:&quot;classic&quot;,&quot;animation&quot;:&quot;fadeIn&quot;}\">\n\t\t\t\t\t\t<div class=\"elementor-container elementor-column-gap-default\">\n\t\t\t\t\t<div class=\"elementor-column elementor-col-100 elementor-top-column elementor-element elementor-element-0762a6b\" data-id=\"0762a6b\" data-element_type=\"column\">\n\t\t\t<div class=\"elementor-widget-wrap elementor-element-populated\">\n\t\t\t\t\t\t<div class=\"elementor-element elementor-element-d9eeb8d elementor-widget elementor-widget-text-editor\" data-id=\"d9eeb8d\" data-element_type=\"widget\" data-widget_type=\"text-editor.default\">\n\t\t\t\t<div class=\"elementor-widget-container\">\n\t\t\t<style>\/*! elementor - v3.21.0 - 26-05-2024 *\/\n.elementor-widget-text-editor.elementor-drop-cap-view-stacked .elementor-drop-cap{background-color:#69727d;color:#fff}.elementor-widget-text-editor.elementor-drop-cap-view-framed .elementor-drop-cap{color:#69727d;border:3px solid;background-color:transparent}.elementor-widget-text-editor:not(.elementor-drop-cap-view-default) .elementor-drop-cap{margin-top:8px}.elementor-widget-text-editor:not(.elementor-drop-cap-view-default) .elementor-drop-cap-letter{width:1em;height:1em}.elementor-widget-text-editor .elementor-drop-cap{float:left;text-align:center;line-height:1;font-size:50px}.elementor-widget-text-editor .elementor-drop-cap-letter{display:inline-block}<\/style>\t\t\t\tCloud Force GmbH\t\t\t\t\t\t<\/div>\n\t\t\t\t<\/div>\n\t\t\t\t<div class=\"elementor-element elementor-element-8f5c6e0 elementor-widget elementor-widget-text-editor\" data-id=\"8f5c6e0\" data-element_type=\"widget\" data-widget_type=\"text-editor.default\">\n\t\t\t\t<div class=\"elementor-widget-container\">\n\t\t\t\t\t\t\tWerdenfelser Str. 41 <br>\n86163 Augsburg <br>\nGermania\t\t\t\t\t\t<\/div>\n\t\t\t\t<\/div>\n\t\t\t\t<div class=\"elementor-element elementor-element-9dd49d0 elementor-widget elementor-widget-text-editor\" data-id=\"9dd49d0\" data-element_type=\"widget\" data-widget_type=\"text-editor.default\">\n\t\t\t\t<div class=\"elementor-widget-container\">\n\t\t\t\t\t\t\t<strong>Email<\/strong>: <a href=\"mailto:welcome@cloud-relax.com\">welcome@cloud-relax.com<\/a>\n<br><br>\n<strong>Telefon<\/strong>: +49 (0) 821 26 23 68 68\t\t\t\t\t\t<\/div>\n\t\t\t\t<\/div>\n\t\t\t\t<div class=\"elementor-element elementor-element-39777ef elementor-widget elementor-widget-text-editor\" data-id=\"39777ef\" data-element_type=\"widget\" data-widget_type=\"text-editor.default\">\n\t\t\t\t<div class=\"elementor-widget-container\">\n\t\t\t\t\t\t\t<strong>Tribunalul de gref\u0103 Augsburg:<\/strong> HRB 39404 <br><br>\n<strong>Num\u0103r de identificare fiscal\u0103 (ID-TVA):\u00a0<\/strong><span style=\"letter-spacing: 0px;\">DE364726018<\/span>\t\t\t\t\t\t<\/div>\n\t\t\t\t<\/div>\n\t\t\t\t<div class=\"elementor-element elementor-element-b535b64 elementor-widget elementor-widget-text-editor\" data-id=\"b535b64\" data-element_type=\"widget\" data-widget_type=\"text-editor.default\">\n\t\t\t\t<div class=\"elementor-widget-container\">\n\t\t\t\t\t\t\t<strong>Responsabil pentru con\u021binut:<\/strong> Tiberius Schindler\t\t\t\t\t\t<\/div>\n\t\t\t\t<\/div>\n\t\t\t\t<div class=\"elementor-element elementor-element-ab5353a elementor-widget elementor-widget-text-editor\" data-id=\"ab5353a\" data-element_type=\"widget\" data-widget_type=\"text-editor.default\">\n\t\t\t\t<div class=\"elementor-widget-container\">\n\t\t\t\t\t\t\tPlatforma de solu\u021bionare online a litigiilor (OS) a Comisiei Europene pentru consumatori:<br>\n<a href=\"https:\/\/ec.europa.eu\/consumers\/odr\/\">https:\/\/ec.europa.eu\/consumers\/odr\/<\/a>\t\t\t\t\t\t<\/div>\n\t\t\t\t<\/div>\n\t\t\t\t<div class=\"elementor-element elementor-element-c348e23 elementor-widget elementor-widget-text-editor\" data-id=\"c348e23\" data-element_type=\"widget\" data-widget_type=\"text-editor.default\">\n\t\t\t\t<div class=\"elementor-widget-container\">\n\t\t\t\t\t\t\t<p>Nu suntem dispu\u0219i sau obliga\u021bi s\u0103 particip\u0103m la o procedur\u0103 de solu\u021bionare a litigiilor \u00een fa\u021ba unei comisii de arbitraj pentru consumatori.<\/p>\t\t\t\t\t\t<\/div>\n\t\t\t\t<\/div>\n\t\t\t\t\t<\/div>\n\t\t<\/div>\n\t\t\t\t\t<\/div>\n\t\t<\/section>\n\t\t\t\t<section class=\"elementor-section elementor-top-section elementor-element elementor-element-444ade0 elementor-section-stretched elementor-section-boxed elementor-section-height-default elementor-section-height-default elementor-invisible\" data-id=\"444ade0\" data-element_type=\"section\" data-settings=\"{&quot;stretch_section&quot;:&quot;section-stretched&quot;,&quot;background_background&quot;:&quot;classic&quot;,&quot;animation&quot;:&quot;fadeIn&quot;}\">\n\t\t\t\t\t\t<div class=\"elementor-container elementor-column-gap-default\">\n\t\t\t\t\t<div class=\"elementor-column elementor-col-100 elementor-top-column elementor-element elementor-element-554cd3b\" data-id=\"554cd3b\" data-element_type=\"column\">\n\t\t\t<div class=\"elementor-widget-wrap elementor-element-populated\">\n\t\t\t\t\t\t<div class=\"elementor-element elementor-element-e4b2a9e elementor-widget elementor-widget-image\" data-id=\"e4b2a9e\" data-element_type=\"widget\" data-widget_type=\"image.default\">\n\t\t\t\t<div class=\"elementor-widget-container\">\n\t\t\t<style>\/*! elementor - v3.21.0 - 26-05-2024 *\/\n.elementor-widget-image{text-align:center}.elementor-widget-image a{display:inline-block}.elementor-widget-image a img[src$=\".svg\"]{width:48px}.elementor-widget-image img{vertical-align:middle;display:inline-block}<\/style>\t\t\t\t\t\t\t\t\t\t<img fetchpriority=\"high\" decoding=\"async\" width=\"1440\" height=\"960\" src=\"https:\/\/cloud-relax.com\/wp-content\/uploads\/2023\/11\/pic1.jpeg\" class=\"attachment-full size-full wp-image-5604\" alt=\"\" srcset=\"https:\/\/cloud-relax.com\/wp-content\/uploads\/2023\/11\/pic1.jpeg 1440w, https:\/\/cloud-relax.com\/wp-content\/uploads\/2023\/11\/pic1-300x200.jpeg 300w, https:\/\/cloud-relax.com\/wp-content\/uploads\/2023\/11\/pic1-1024x683.jpeg 1024w, https:\/\/cloud-relax.com\/wp-content\/uploads\/2023\/11\/pic1-768x512.jpeg 768w, https:\/\/cloud-relax.com\/wp-content\/uploads\/2023\/11\/pic1-18x12.jpeg 18w, https:\/\/cloud-relax.com\/wp-content\/uploads\/2023\/11\/pic1-450x300.jpeg 450w, https:\/\/cloud-relax.com\/wp-content\/uploads\/2023\/11\/pic1-1140x760.jpeg 1140w, https:\/\/cloud-relax.com\/wp-content\/uploads\/2023\/11\/pic1-120x80.jpeg 120w, https:\/\/cloud-relax.com\/wp-content\/uploads\/2023\/11\/pic1-750x500.jpeg 750w\" sizes=\"(max-width: 1440px) 100vw, 1440px\" \/>\t\t\t\t\t\t\t\t\t\t\t\t\t<\/div>\n\t\t\t\t<\/div>\n\t\t\t\t<div class=\"elementor-element elementor-element-5a2597d elementor-widget elementor-widget-spacer\" data-id=\"5a2597d\" data-element_type=\"widget\" data-widget_type=\"spacer.default\">\n\t\t\t\t<div class=\"elementor-widget-container\">\n\t\t\t<style>\/*! elementor - v3.21.0 - 26-05-2024 *\/\n.elementor-column .elementor-spacer-inner{height:var(--spacer-size)}.e-con{--container-widget-width:100%}.e-con-inner>.elementor-widget-spacer,.e-con>.elementor-widget-spacer{width:var(--container-widget-width,var(--spacer-size));--align-self:var(--container-widget-align-self,initial);--flex-shrink:0}.e-con-inner>.elementor-widget-spacer>.elementor-widget-container,.e-con>.elementor-widget-spacer>.elementor-widget-container{height:100%;width:100%}.e-con-inner>.elementor-widget-spacer>.elementor-widget-container>.elementor-spacer,.e-con>.elementor-widget-spacer>.elementor-widget-container>.elementor-spacer{height:100%}.e-con-inner>.elementor-widget-spacer>.elementor-widget-container>.elementor-spacer>.elementor-spacer-inner,.e-con>.elementor-widget-spacer>.elementor-widget-container>.elementor-spacer>.elementor-spacer-inner{height:var(--container-widget-height,var(--spacer-size))}.e-con-inner>.elementor-widget-spacer.elementor-widget-empty,.e-con>.elementor-widget-spacer.elementor-widget-empty{position:relative;min-height:22px;min-width:22px}.e-con-inner>.elementor-widget-spacer.elementor-widget-empty .elementor-widget-empty-icon,.e-con>.elementor-widget-spacer.elementor-widget-empty .elementor-widget-empty-icon{position:absolute;top:0;bottom:0;left:0;right:0;margin:auto;padding:0;width:22px;height:22px}<\/style>\t\t<div class=\"elementor-spacer\">\n\t\t\t<div class=\"elementor-spacer-inner\"><\/div>\n\t\t<\/div>\n\t\t\t\t<\/div>\n\t\t\t\t<\/div>\n\t\t\t\t<div class=\"elementor-element elementor-element-8cf6d26 elementor-hidden-desktop elementor-hidden-tablet elementor-hidden-mobile elementor-widget elementor-widget-homey_elementor_section_title\" data-id=\"8cf6d26\" data-element_type=\"widget\" data-widget_type=\"homey_elementor_section_title.default\">\n\t\t\t\t<div class=\"elementor-widget-container\">\n\t\t\t            <div class=\"homey_section_title_wrap_elementor homey-module module-title section-title-module\">\n                                    <h2 class=\"homey_section_title\">Hear From Our Hosts<\/h2>\n                \n                                    <p class=\"homey_section_subtitle sub-heading\">The biggest reward is to satisfy our clients and share their experience with us<\/p>\n                            <\/div>\n            \t\t<\/div>\n\t\t\t\t<\/div>\n\t\t\t\t<div class=\"elementor-element elementor-element-95b1cc8 elementor-hidden-desktop elementor-hidden-tablet elementor-hidden-mobile elementor-widget elementor-widget-homey_elementor_testimonials\" data-id=\"95b1cc8\" data-element_type=\"widget\" data-widget_type=\"homey_elementor_testimonials.default\">\n\t\t\t\t<div class=\"elementor-widget-container\">\n\t\t\t\n        <!--start testimonials module-->\n        \n            <div class=\"module-wrap testimonials-module\">\n                <div class=\"row\">\n                    \n                    <div class=\"col-xs-12 col-sm-6 col-md-3\"><div class=\"testimonial-item text-center\"><p class=\"description\">Lorem ipsum dolor sit amet, consectetur adipiscing elit. Integer eu mollis eros.<\/p><div class=\"testimonial-thumb\"><img decoding=\"async\" width=\"120\" height=\"120\" src=\"https:\/\/cloud-relax.com\/wp-content\/uploads\/2018\/10\/HomeyHost21.jpg\" class=\"img-circle img-responsive\" alt=\"\" \/><\/div><p class=\"auther-info\"><strong>Anna Andrews<\/strong><br><em>Homey Host<\/em><\/p><\/div><\/div><div class=\"col-xs-12 col-sm-6 col-md-3\"><div class=\"testimonial-item text-center\"><p class=\"description\">Lorem ipsum dolor sit amet, adipiscing elit. Proin facilisis neque. Integer eu mollis. <\/p><div class=\"testimonial-thumb\"><img decoding=\"async\" width=\"120\" height=\"120\" src=\"https:\/\/cloud-relax.com\/wp-content\/uploads\/2018\/10\/HomeyHost23-1.jpg\" class=\"img-circle img-responsive\" alt=\"\" \/><\/div><p class=\"auther-info\"><strong>Harold Warren<\/strong><br><em>Homey Host<\/em><\/p><\/div><\/div><div class=\"col-xs-12 col-sm-6 col-md-3\"><div class=\"testimonial-item text-center\"><p class=\"description\">Proin facilisis neque. Integer eu mollis montem. Lorem ipsum dolor sit.<\/p><div class=\"testimonial-thumb\"><img loading=\"lazy\" decoding=\"async\" width=\"120\" height=\"120\" src=\"https:\/\/cloud-relax.com\/wp-content\/uploads\/2018\/10\/HomeyHost07.jpg\" class=\"img-circle img-responsive\" alt=\"\" \/><\/div><p class=\"auther-info\"><strong>Michelle Wright<\/strong><br><em>Homey Host<\/em><\/p><\/div><\/div><div class=\"col-xs-12 col-sm-6 col-md-3\"><div class=\"testimonial-item text-center\"><p class=\"description\">Proin facilisis neque. Integer eu mollis. Lorem ipsum dolor sit amet, adipiscing elit. <\/p><div class=\"testimonial-thumb\"><img loading=\"lazy\" decoding=\"async\" width=\"120\" height=\"120\" src=\"https:\/\/cloud-relax.com\/wp-content\/uploads\/2018\/10\/HomeyHost08.jpg\" class=\"img-circle img-responsive\" alt=\"\" \/><\/div><p class=\"auther-info\"><strong>Mike Forward<\/strong><br><em>Homey Host<\/em><\/p><\/div><\/div>                    \n                <\/div>\n            <\/div>\n\n                <!--end post testimonials module-->\n\n\n        \t\t<\/div>\n\t\t\t\t<\/div>\n\t\t\t\t\t<\/div>\n\t\t<\/div>\n\t\t\t\t\t<\/div>\n\t\t<\/section>\n\t\t\t\t<\/div>","protected":false},"excerpt":{"rendered":"<p>Imprint Cloud Force GmbHWerdenfelser Str. 41 86163 Augsburg GermanyEmail: welcome@cloud-relax.com Phone: +49 (0) 821 26 23 68 68Registry Court Augsburg: HRB 39404 Sales tax identification number (VAT-ID):\u00a0DE364726018Responsible for content: Tiberius SchindlerEuropean Commission Online Dispute Resolution (OS) platform for consumers: https:\/\/ec.europa.eu\/consumers\/odr\/ We are not willing or obliged to participate in a dispute settlement procedure before a [&hellip;]<\/p>","protected":false},"author":1,"featured_media":0,"parent":0,"menu_order":0,"comment_status":"closed","ping_status":"closed","template":"elementor_header_footer","meta":{"footnotes":""},"class_list":["post-5210","page","type-page","status-publish","hentry"],"_links":{"self":[{"href":"https:\/\/cloud-relax.com\/ro\/wp-json\/wp\/v2\/pages\/5210","targetHints":{"allow":["GET"]}}],"collection":[{"href":"https:\/\/cloud-relax.com\/ro\/wp-json\/wp\/v2\/pages"}],"about":[{"href":"https:\/\/cloud-relax.com\/ro\/wp-json\/wp\/v2\/types\/page"}],"author":[{"embeddable":true,"href":"https:\/\/cloud-relax.com\/ro\/wp-json\/wp\/v2\/users\/1"}],"replies":[{"embeddable":true,"href":"https:\/\/cloud-relax.com\/ro\/wp-json\/wp\/v2\/comments?post=5210"}],"version-history":[{"count":53,"href":"https:\/\/cloud-relax.com\/ro\/wp-json\/wp\/v2\/pages\/5210\/revisions"}],"predecessor-version":[{"id":5856,"href":"https:\/\/cloud-relax.com\/ro\/wp-json\/wp\/v2\/pages\/5210\/revisions\/5856"}],"wp:attachment":[{"href":"https:\/\/cloud-relax.com\/ro\/wp-json\/wp\/v2\/media?parent=5210"}],"curies":[{"name":"wp","href":"https:\/\/api.w.org\/{rel}","templated":true}]}}